{"id":400,"date":"2021-04-13T16:31:49","date_gmt":"2021-04-13T19:31:49","guid":{"rendered":"http:\/\/localhost\/pucvDAD\/?page_id=400"},"modified":"2021-04-27T11:55:54","modified_gmt":"2021-04-27T14:55:54","slug":"informacion-institucional","status":"publish","type":"page","link":"http:\/\/www.analisisinstitucional.ucv.cl\/?page_id=400","title":{"rendered":"Informaci\u00f3n Institucional"},"content":{"rendered":"<p>[et_pb_section fb_built=\u00bb1&#8243; fullwidth=\u00bbon\u00bb _builder_version=\u00bb4.9.3&#8243; _module_preset=\u00bbdefault\u00bb background_image=\u00bbhttp:\/\/www.sebainfante.com\/wp-content\/uploads\/2021\/03\/banner_v2-1-scaled.jpg\u00bb hover_enabled=\u00bb0&#8243; title_text=\u00bbbanner_v2&#8243; sticky_enabled=\u00bb0&#8243;][et_pb_fullwidth_image title_text=\u00bb1&#8243; _builder_version=\u00bb4.9.1&#8243; _module_preset=\u00bbdefault\u00bb background_color=\u00bbRGBA(0,0,0,0)\u00bb background_image=\u00bbhttp:\/\/localhost\/pucvDAD\/wp-content\/uploads\/2021\/03\/1.png\u00bb background_position=\u00bbcenter_left\u00bb custom_margin=\u00bb||-28px|||\u00bb custom_padding=\u00bb345px||||false|false\u00bb border_color_all=\u00bbRGBA(0,0,0,0)\u00bb border_style_all=\u00bbnone\u00bb][\/et_pb_fullwidth_image][\/et_pb_section][et_pb_section fb_built=\u00bb1&#8243; _builder_version=\u00bb4.9.1&#8243; _module_preset=\u00bbdefault\u00bb custom_padding=\u00bb||0px|||\u00bb][et_pb_row column_structure=\u00bb2_5,3_5&#8243; _builder_version=\u00bb4.9.3&#8243; _module_preset=\u00bbdefault\u00bb animation_style=\u00bbfade\u00bb][et_pb_column type=\u00bb2_5&#8243; _builder_version=\u00bb4.9.1&#8243; _module_preset=\u00bbdefault\u00bb][et_pb_image src=\u00bbhttp:\/\/www.sebainfante.com\/wp-content\/uploads\/2021\/03\/II.png\u00bb title_text=\u00bbII\u00bb _builder_version=\u00bb4.9.3&#8243; _module_preset=\u00bbdefault\u00bb hover_enabled=\u00bb0&#8243; sticky_enabled=\u00bb0&#8243;][\/et_pb_image][\/et_pb_column][et_pb_column type=\u00bb3_5&#8243; _builder_version=\u00bb4.9.1&#8243; _module_preset=\u00bbdefault\u00bb][et_pb_text _builder_version=\u00bb4.9.1&#8243; _module_preset=\u00bbdefault\u00bb text_font=\u00bbLato||||||||\u00bb text_text_color=\u00bb#275F91&#8243; text_orientation=\u00bbjustified\u00bb inline_fonts=\u00bbLato\u00bb]<\/p>\n<blockquote>\n<h1 style=\"text-align: left;\"><span style=\"font-family: Lato; font-weight: normal; color: #275f91;\"><strong>Informaci\u00f3n Institucional<\/strong><\/span><\/h1>\n<\/blockquote>\n<p>La Pontificia Universidad Cat\u00f3lica de Valpara\u00edso es la cuarta universidad m\u00e1s antigua del pa\u00eds. En el mes de marzo de 1928 recibi\u00f3 a sus primeros estudiantes, en el mismo edificio institucional que hoy la identifica, la cual estaba organizada en dos Facultades: Ciencias Aplicadas y Matem\u00e1ticas y la de Comercio y Ciencias Econ\u00f3micas.<\/p>\n<p>Desde entonces, se ha dedicado al cultivo y desarrollo de las ciencias, las artes y las t\u00e9cnicas a trav\u00e9s de la creaci\u00f3n y comunicaci\u00f3n del conocimiento y la formaci\u00f3n de graduados y profesionales con vocaci\u00f3n de servicio a la sociedad, en el marco val\u00f3rico del Magisterio de la Iglesia.<\/p>\n<p>Actualmente, est\u00e1 estructurada en 9 Facultades, las que albergan a 34 Unidades Acad\u00e9micas que imparten 62 programas de pregrado en todas las \u00e1reas del saber. As\u00ed tambi\u00e9n, cuenta con una amplia oferta de postgrados: 18 programas de doctorado y 33 programas de mag\u00edster.<\/p>\n<p>En materia de aseguramiento de la calidad, la Universidad cuenta con una acreditaci\u00f3n institucional de 6 a\u00f1os, en todas sus \u00e1reas: Gesti\u00f3n Institucional, Docencia de Pregrado, Docencia de Postgrado, Investigaci\u00f3n y Vinculaci\u00f3n con el Medio.<\/p>\n<p>&nbsp;<\/p>\n<p>[\/et_pb_text][\/et_pb_column][\/et_pb_row][et_pb_row _builder_version=\u00bb4.9.1&#8243; _module_preset=\u00bbdefault\u00bb custom_padding=\u00bb||0px|||\u00bb][et_pb_column type=\u00bb4_4&#8243; _builder_version=\u00bb4.9.1&#8243; _module_preset=\u00bbdefault\u00bb][et_pb_divider color=\u00bbgcid-4ebe77de-e21e-42bb-b9f9-857d98cd7566&#8243; divider_position=\u00bbcenter\u00bb divider_weight=\u00bb2px\u00bb _builder_version=\u00bb4.9.1&#8243; _module_preset=\u00bbdefault\u00bb global_colors_info=\u00bb{%22gcid-4ebe77de-e21e-42bb-b9f9-857d98cd7566%22:%91%22color%22%93}\u00bb][\/et_pb_divider][\/et_pb_column][\/et_pb_row][\/et_pb_section][et_pb_section fb_built=\u00bb1&#8243; _builder_version=\u00bb4.9.3&#8243; _module_preset=\u00bbdefault\u00bb][et_pb_row _builder_version=\u00bb4.9.3&#8243; _module_preset=\u00bbdefault\u00bb animation_style=\u00bbfade\u00bb][et_pb_column type=\u00bb4_4&#8243; _builder_version=\u00bb4.9.3&#8243; _module_preset=\u00bbdefault\u00bb][et_pb_text _builder_version=\u00bb4.9.3&#8243; _module_preset=\u00bbdefault\u00bb text_font=\u00bb|700|||||||\u00bb text_text_color=\u00bbgcid-f60bdc87-7534-4a6a-8e32-8552be4734a4&#8243; text_font_size=\u00bb30px\u00bb text_orientation=\u00bbcenter\u00bb custom_margin=\u00bb||1px|||\u00bb global_colors_info=\u00bb{%22gcid-f60bdc87-7534-4a6a-8e32-8552be4734a4%22:%91%22text_text_color%22%93}\u00bb]<\/p>\n<p>Admisi\u00f3n Primer A\u00f1o PUCV<\/p>\n<p>[\/et_pb_text][et_pb_gallery gallery_ids=\u00bb267,255,259,260&#8243; show_title_and_caption=\u00bboff\u00bb show_pagination=\u00bboff\u00bb _builder_version=\u00bb4.9.3&#8243; _module_preset=\u00bbdefault\u00bb][\/et_pb_gallery][\/et_pb_column][\/et_pb_row][et_pb_row _builder_version=\u00bb4.9.3&#8243; _module_preset=\u00bbdefault\u00bb animation_style=\u00bbfade\u00bb][et_pb_column type=\u00bb4_4&#8243; _builder_version=\u00bb4.9.3&#8243; _module_preset=\u00bbdefault\u00bb][et_pb_text _builder_version=\u00bb4.9.3&#8243; _module_preset=\u00bbdefault\u00bb text_font=\u00bb|700|||||||\u00bb text_text_color=\u00bbgcid-f60bdc87-7534-4a6a-8e32-8552be4734a4&#8243; text_font_size=\u00bb30px\u00bb text_orientation=\u00bbcenter\u00bb custom_margin=\u00bb||-3px|||\u00bb global_colors_info=\u00bb{%22gcid-f60bdc87-7534-4a6a-8e32-8552be4734a4%22:%91%22text_text_color%22%93}\u00bb]<\/p>\n<p>Evoluci\u00f3n Pregrado<\/p>\n<p>[\/et_pb_text][et_pb_gallery gallery_ids=\u00bb258&#8243; show_title_and_caption=\u00bboff\u00bb show_pagination=\u00bboff\u00bb _builder_version=\u00bb4.9.3&#8243; _module_preset=\u00bbdefault\u00bb][\/et_pb_gallery][\/et_pb_column][\/et_pb_row][et_pb_row _builder_version=\u00bb4.9.3&#8243; _module_preset=\u00bbdefault\u00bb animation_style=\u00bbfade\u00bb][et_pb_column type=\u00bb4_4&#8243; _builder_version=\u00bb4.9.3&#8243; _module_preset=\u00bbdefault\u00bb][et_pb_text _builder_version=\u00bb4.9.3&#8243; _module_preset=\u00bbdefault\u00bb text_font=\u00bb|700|||||||\u00bb text_text_color=\u00bbgcid-f60bdc87-7534-4a6a-8e32-8552be4734a4&#8243; text_font_size=\u00bb30px\u00bb text_orientation=\u00bbcenter\u00bb custom_margin=\u00bb||-2px|||\u00bb global_colors_info=\u00bb{%22gcid-f60bdc87-7534-4a6a-8e32-8552be4734a4%22:%91%22text_text_color%22%93}\u00bb custom_padding=\u00bb||9px|||\u00bb]<\/p>\n<p>Evoluci\u00f3n Estudios Avanzados<\/p>\n<p>[\/et_pb_text][et_pb_gallery gallery_ids=\u00bb261,257,253&#8243; show_title_and_caption=\u00bboff\u00bb show_pagination=\u00bboff\u00bb _builder_version=\u00bb4.9.3&#8243; _module_preset=\u00bbdefault\u00bb][\/et_pb_gallery][\/et_pb_column][\/et_pb_row][et_pb_row _builder_version=\u00bb4.9.3&#8243; _module_preset=\u00bbdefault\u00bb animation_style=\u00bbfade\u00bb][et_pb_column type=\u00bb4_4&#8243; _builder_version=\u00bb4.9.3&#8243; _module_preset=\u00bbdefault\u00bb][et_pb_text _builder_version=\u00bb4.9.3&#8243; _module_preset=\u00bbdefault\u00bb text_font=\u00bb|700|||||||\u00bb text_text_color=\u00bbgcid-f60bdc87-7534-4a6a-8e32-8552be4734a4&#8243; text_font_size=\u00bb30px\u00bb text_orientation=\u00bbcenter\u00bb custom_margin=\u00bb||0px|||\u00bb global_colors_info=\u00bb{%22gcid-f60bdc87-7534-4a6a-8e32-8552be4734a4%22:%91%22text_text_color%22%93}\u00bb]<\/p>\n<p>Acad\u00e9micos<\/p>\n<p>[\/et_pb_text][et_pb_gallery gallery_ids=\u00bb252&#8243; show_title_and_caption=\u00bboff\u00bb show_pagination=\u00bboff\u00bb _builder_version=\u00bb4.9.3&#8243; _module_preset=\u00bbdefault\u00bb][\/et_pb_gallery][\/et_pb_column][\/et_pb_row][et_pb_row _builder_version=\u00bb4.9.3&#8243; _module_preset=\u00bbdefault\u00bb animation_style=\u00bbfade\u00bb][et_pb_column type=\u00bb4_4&#8243; _builder_version=\u00bb4.9.3&#8243; _module_preset=\u00bbdefault\u00bb][et_pb_text _builder_version=\u00bb4.9.3&#8243; _module_preset=\u00bbdefault\u00bb text_font=\u00bb|700|||||||\u00bb text_text_color=\u00bbgcid-f60bdc87-7534-4a6a-8e32-8552be4734a4&#8243; text_font_size=\u00bb30px\u00bb text_orientation=\u00bbcenter\u00bb custom_margin=\u00bb||0px|||\u00bb global_colors_info=\u00bb{%22gcid-f60bdc87-7534-4a6a-8e32-8552be4734a4%22:%91%22text_text_color%22%93}\u00bb]<\/p>\n<p>Investigaci\u00f3n<\/p>\n<p>[\/et_pb_text][et_pb_gallery gallery_ids=\u00bb256&#8243; show_title_and_caption=\u00bboff\u00bb show_pagination=\u00bboff\u00bb _builder_version=\u00bb4.9.3&#8243; _module_preset=\u00bbdefault\u00bb][\/et_pb_gallery][\/et_pb_column][\/et_pb_row][\/et_pb_section]<\/p>\n","protected":false},"excerpt":{"rendered":"<p>[et_pb_section fb_built=\u00bb1&#8243; fullwidth=\u00bbon\u00bb _builder_version=\u00bb4.9.3&#8243; _module_preset=\u00bbdefault\u00bb background_image=\u00bbhttp:\/\/www.sebainfante.com\/wp-content\/uploads\/2021\/03\/banner_v2-1-scaled.jpg\u00bb hover_enabled=\u00bb0&#8243; title_text=\u00bbbanner_v2&#8243; sticky_enabled=\u00bb0&#8243;][et_pb_fullwidth_image title_text=\u00bb1&#8243; _builder_version=\u00bb4.9.1&#8243; _module_preset=\u00bbdefault\u00bb background_color=\u00bbRGBA(0,0,0,0)\u00bb background_image=\u00bbhttp:\/\/localhost\/pucvDAD\/wp-content\/uploads\/2021\/03\/1.png\u00bb background_position=\u00bbcenter_left\u00bb custom_margin=\u00bb||-28px|||\u00bb custom_padding=\u00bb345px||||false|false\u00bb border_color_all=\u00bbRGBA(0,0,0,0)\u00bb border_style_all=\u00bbnone\u00bb][\/et_pb_fullwidth_image][\/et_pb_section][et_pb_section fb_built=\u00bb1&#8243; _builder_version=\u00bb4.9.1&#8243; _module_preset=\u00bbdefault\u00bb custom_padding=\u00bb||0px|||\u00bb][et_pb_row column_structure=\u00bb2_5,3_5&#8243; _builder_version=\u00bb4.9.3&#8243; _module_preset=\u00bbdefault\u00bb animation_style=\u00bbfade\u00bb][et_pb_column type=\u00bb2_5&#8243; _builder_version=\u00bb4.9.1&#8243; _module_preset=\u00bbdefault\u00bb][et_pb_image src=\u00bbhttp:\/\/www.sebainfante.com\/wp-content\/uploads\/2021\/03\/II.png\u00bb title_text=\u00bbII\u00bb _builder_version=\u00bb4.9.3&#8243; _module_preset=\u00bbdefault\u00bb hover_enabled=\u00bb0&#8243; sticky_enabled=\u00bb0&#8243;][\/et_pb_image][\/et_pb_column][et_pb_column type=\u00bb3_5&#8243; _builder_version=\u00bb4.9.1&#8243; _module_preset=\u00bbdefault\u00bb][et_pb_text _builder_version=\u00bb4.9.1&#8243; _module_preset=\u00bbdefault\u00bb text_font=\u00bbLato||||||||\u00bb text_text_color=\u00bb#275F91&#8243; text_orientation=\u00bbjustified\u00bb inline_fonts=\u00bbLato\u00bb] Informaci\u00f3n Institucional La Pontificia Universidad Cat\u00f3lica de Valpara\u00edso es la [&hellip;]<\/p>\n","protected":false},"author":1,"featured_media":0,"parent":0,"menu_order":0,"comment_status":"closed","ping_status":"closed","template":"","meta":{"_et_pb_use_builder":"on","_et_pb_old_content":"","_et_gb_content_width":"","footnotes":""},"class_list":["post-400","page","type-page","status-publish","hentry"],"_links":{"self":[{"href":"http:\/\/www.analisisinstitucional.ucv.cl\/index.php?rest_route=\/wp\/v2\/pages\/400","targetHints":{"allow":["GET"]}}],"collection":[{"href":"http:\/\/www.analisisinstitucional.ucv.cl\/index.php?rest_route=\/wp\/v2\/pages"}],"about":[{"href":"http:\/\/www.analisisinstitucional.ucv.cl\/index.php?rest_route=\/wp\/v2\/types\/page"}],"author":[{"embeddable":true,"href":"http:\/\/www.analisisinstitucional.ucv.cl\/index.php?rest_route=\/wp\/v2\/users\/1"}],"replies":[{"embeddable":true,"href":"http:\/\/www.analisisinstitucional.ucv.cl\/index.php?rest_route=%2Fwp%2Fv2%2Fcomments&post=400"}],"version-history":[{"count":13,"href":"http:\/\/www.analisisinstitucional.ucv.cl\/index.php?rest_route=\/wp\/v2\/pages\/400\/revisions"}],"predecessor-version":[{"id":449,"href":"http:\/\/www.analisisinstitucional.ucv.cl\/index.php?rest_route=\/wp\/v2\/pages\/400\/revisions\/449"}],"wp:attachment":[{"href":"http:\/\/www.analisisinstitucional.ucv.cl\/index.php?rest_route=%2Fwp%2Fv2%2Fmedia&parent=400"}],"curies":[{"name":"wp","href":"https:\/\/api.w.org\/{rel}","templated":true}]}}